{"id":725,"date":"2013-12-02T22:46:43","date_gmt":"2013-12-02T21:46:43","guid":{"rendered":"http:\/\/stadtorchester-herrenberg.de\/?page_id=725"},"modified":"2026-01-18T16:03:58","modified_gmt":"2026-01-18T15:03:58","slug":"konzerte","status":"publish","type":"page","link":"https:\/\/stadtorchester-herrenberg.de\/?page_id=725","title":{"rendered":"Konzerte"},"content":{"rendered":"\n<h3 class=\"wp-block-heading\">Konzert am 9. November 2025<\/h3>\n\n\n\n<ul class=\"wp-block-list\">\n<li>Rossini: Tancredi Ouvert\u00fcre<\/li>\n\n\n\n<li>Grieg: aus den Peer-Gynt-Suiten<\/li>\n\n\n\n<li>Faur\u00e9: Masques et Bergamasques (Suite)<\/li>\n\n\n\n<li>Williams: Schindlers Liste<\/li>\n\n\n\n<li>Elgar: Salut d\u2019amour<\/li>\n\n\n\n<li>Delibes: Le roi s`amuse<\/li>\n\n\n\n<li>Humperdinck: Humoreske<\/li>\n\n\n\n<li>Tschaikowski: Tanz der kleinen Schw\u00e4ne aus: Schwanensee<\/li>\n\n\n\n<li>Jenkins: Palladio<\/li>\n<\/ul>\n\n\n\n<hr class=\"wp-block-separator has-alpha-channel-opacity\"\/>\n\n\n\n<h3 class=\"wp-block-heading\">Konzert am 16. Februar 2025<\/h3>\n\n\n\n<ul class=\"wp-block-list\">\n<li>Beethoven: Egmont-Ouvert\u00fcre<\/li>\n\n\n\n<li>Grieg: Klavierkonzert a-moll (Solist: Harald Streicher)<\/li>\n\n\n\n<li>Mozart: Sinfonie Nr. 40 g-moll<\/li>\n<\/ul>\n\n\n\n<hr class=\"wp-block-separator has-alpha-channel-opacity\"\/>\n\n\n\n<h3 class=\"wp-block-heading\">Konzert am 23. Juni 2024<\/h3>\n\n\n\n<ul class=\"wp-block-list\">\n<li>Engelbert Humperndinck: Ouvert\u00fcre zu \u201eH\u00e4nsel und Gretel\u201c<\/li>\n\n\n\n<li>L\u00e9o Delibes: Sylvia-Suite<\/li>\n\n\n\n<li>\u00c9douard Lalo: Rhapsodie Norv\u00e9gienne, 2. Satz<\/li>\n\n\n\n<li>Edward Elgar<strong>: <\/strong>Enigma Variation \u201eNimrod\u201c<\/li>\n\n\n\n<li>Anton\u00edn Dvo\u0159\u00e1k: Slawische T\u00e4nze Nr. 6 + Nr. 8<\/li>\n<\/ul>\n\n\n\n<hr class=\"wp-block-separator has-alpha-channel-opacity\"\/>\n\n\n\n<h3 class=\"wp-block-heading\">Konzert am 19. November 2023<\/h3>\n\n\n\n<ul class=\"wp-block-list\">\n<li>Franz Schubert: Ouvert\u00fcre im italienischen Stil C-Dur, D 591<\/li>\n\n\n\n<li>Camille Saint-Sa\u00ebns: Suite f\u00fcr Orchester D-Dur, op. 49<\/li>\n\n\n\n<li>Ludwig van Beethoven: Sinfonie Nr. 1 C-Dur, op. 21<\/li>\n<\/ul>\n\n\n\n<hr class=\"wp-block-separator has-alpha-channel-opacity\"\/>\n\n\n\n<h3 class=\"wp-block-heading\">Konzert am 12. Februar 2023<\/h3>\n\n\n\n<ul class=\"wp-block-list\">\n<li>Jean Sibelius: Finlandia \u2013 Tondichtung f\u00fcr Orchester<\/li>\n\n\n\n<li>Edvard Grieg: Norwegische T\u00e4nze<\/li>\n\n\n\n<li>Leonard Bernstein: West Side Story<\/li>\n\n\n\n<li>James Bond Medley<\/li>\n\n\n\n<li>Nino Rota: Der Pate<\/li>\n\n\n\n<li>John Williams: Indiana Jones<\/li>\n\n\n\n<li>John Barry: Der mit dem Wolf tanzt<\/li>\n\n\n\n<li>Robert &amp; Richard Sherman: Das Dschungelbuch<\/li>\n<\/ul>\n\n\n\n<hr class=\"wp-block-separator has-alpha-channel-opacity\"\/>\n\n\n\n<h3 class=\"wp-block-heading\"><strong>Konzert am 29. Mai 2022<\/strong><\/h3>\n\n\n\n<p><\/p>\n\n\n\n<ul class=\"wp-block-list\">\n<li>Schubert: Ouvert\u00fcre (im italienischen Stil)<\/li>\n\n\n\n<li>Dvo\u0159\u00e1k: Zwei Walzer Op. 54<\/li>\n\n\n\n<li>Saint-Sa\u00ebns: Tarantelle<\/li>\n\n\n\n<li>Beethoven: aus der Sinfonie Nr. 1<\/li>\n<\/ul>\n\n\n\n<p>Solistinnen: Stefanie Glaubitz, Bettina Schulz<\/p>\n\n\n\n<p><\/p>\n\n\n<hr \/>\n<h3><strong>Kammerkonzert am 10. November 2019<\/strong><\/h3>\n<ul>\n<li>Rossini: Il Signor Bruschino<\/li>\n<li>Stamitz: Sinfonia Concertante f\u00fcr Violine, Viola und Orchester<\/li>\n<li>Tschaikowski: Serenade f\u00fcr Streichorchester \u2013 Walzer<\/li>\n<li>Massenet: Meditation f\u00fcr Violine und Streichorchester<\/li>\n<li>Cimarosa: Konzert f\u00fcr 2 Fl\u00f6ten und Orchester<\/li>\n<li>Warlock: Capriol Suite<\/li>\n<\/ul>\n<p>Solisten<\/p>\n<ul>\n<li>Matthias Blasberg \u2013 Violine<\/li>\n<li>Malte Borcherding \u2013 Viola<\/li>\n<li>Stefanie Glaubitz \u2013 Querfl\u00f6te<\/li>\n<li>Gabriele Oswald \u2013 Violine<\/li>\n<li>Sabine Wenz \u2013 Querfl\u00f6te<\/li>\n<\/ul>\n<hr \/>\n<h3><strong>Sinfoniekonzert am 2. Juni 2019<\/strong><\/h3>\n<ul>\n<li>Rossini: Italienerin in Algier<\/li>\n<li>Beethoven: Klavierkonzert Nr. 4 (Solist: Harald Streicher)<\/li>\n<li>Binge: Elisabeth-Serenade<\/li>\n<li>Schubert: Sinfonie Nr. 6<\/li>\n<\/ul>\n<hr \/>\n<h3><strong>Familienkonzert mit Sch\u00fclern der Musikschule Herrenberg am 10. November 2018<\/strong><\/h3>\n<ul>\n<li>Carl Philipp Emanuel Bach: Orchestersinfonie F-Dur<\/li>\n<li>Dominik Josef Skroup: Konzert B-Dur f\u00fcr Horn und Orchester<\/li>\n<li>Pietro Nardini: Konzert e-moll f\u00fcr Violine und Orchester, 1. Satz<\/li>\n<li>Johann David Heinichen: Konzert C-Dur f\u00fcr 4 Altblockfl\u00f6ten und Orchester<\/li>\n<li>Antonio Rosetti: Partita in D-Dur f\u00fcr Bl\u00e4ser<\/li>\n<li>Felix Mendelssohn Bartholdy: Sinfonie Nr. 8 D-Dur<\/li>\n<\/ul>\n<p>G\u00e4ubote: \u201e<a href=\"https:\/\/www.gaeubote.de\/index.php?&amp;kat=16&amp;red=24&amp;artikel=111618554&amp;archiv=1\" target=\"_blank\" rel=\"noopener noreferrer\">Ein strahlender, t\u00f6nender Reigen<\/a>\u201c<\/p>\n<hr \/>\n<h3><strong>Neujahrskonzert mit der Tanzschule Tabea Herrenberg am 4. Februar 2018<\/strong><\/h3>\n<ul>\n<li>Wolfgang Amadeus Mozart: Ouvert\u00fcre zur Oper \u201eDie Zauberfl\u00f6te\u201c<\/li>\n<li>Johann Strau\u00df, Sohn:\n<ul>\n<li>Einzugsmarsch aus der Operette \u201eDer Zigeunerbaron\u201c<\/li>\n<li>Walzer \u201eAn der sch\u00f6nen blauen Donau\u201c und \u201eK\u00fcnstlerleben\u201c<\/li>\n<li>Annen-Polka \u2013 Pizzicato-Polka<\/li>\n<\/ul>\n<\/li>\n<li>Albert Lortzing: Holzschuhtanz aus der Oper \u201eZar und Zimmermann\u201c<\/li>\n<li>Emil Waldteufel: Walzer \u201eDie Schlittschuhl\u00e4ufer\u201c<\/li>\n<li>Gabriel Faur\u00e9: Pavane<\/li>\n<\/ul>\n<p>G\u00e4ubote: \u201e<a href=\"https:\/\/www.gaeubote.de\/gb_16_111463232-24-_Ballett-Elevinnen-tanzen-zu-beschwingten-Melodien-.html\" target=\"_blank\" rel=\"noopener noreferrer\">Ballett-Elevinnen tanzen zu beschwingten Melodien<\/a>\u201c<\/p>\n<hr \/>\n<h3><strong>Fr\u00fchlingskonzert gemeinsam mit dem Essener Lehrerkammerorchester am 30. April 2017 in Essen<br \/><\/strong><\/h3>\n<ul>\n<li>Johann Christoph Friedrich Bach: Sinfonia B Dur<\/li>\n<li>Antonio Vivaldi: Die Vier Jahreszeiten \u2013 Concerto I \u2013 Fr\u00fchling f\u00fcr Violine und Orchester<\/li>\n<li>Jacques Offenbach: Romanze f\u00fcr Violoncello und Orchester<\/li>\n<li>Ludwig van Beethoven: Kontrat\u00e4nze f\u00fcr Orchester<\/li>\n<li>Wolfgang Amadeus Mozart: Divertimento F-Dur<\/li>\n<li>Georg Friedrich H\u00e4ndel: Konzert B-Dur f\u00fcr Oboe und Orchester<\/li>\n<li>Leo Delibes: Ballett: \u201eLe Roi s\u2019amuse\u201c<\/li>\n<\/ul>\n<p>Solisten<\/p>\n<ul>\n<li>Helena Happich \u2013 Violine<\/li>\n<li>Stefanie Habermaa\u00df \u2013 Oboe<\/li>\n<li>Hans Erlinger \u2013 Violoncello<\/li>\n<\/ul>\n<p>Essener Lehrerkammerorchester \u2013 Leitung: Doris Froese<br \/>Orchester der Stadt Herrenberg \u2013 Leitung: Sabine Blasberg<\/p>\n<p>G\u00e4ubote: \u201e<a href=\"http:\/\/www.gaeubote.de\/index.php?&amp;kat=10&amp;red=24&amp;artikel=111320014&amp;archiv=1\" target=\"_blank\" rel=\"noopener noreferrer\">Orchester der Stadt besucht Doris Froese in Essen<\/a>\u201c<\/p>\n<p><a href=\"http:\/\/stadtorchester-herrenberg.de\/?page_id=1130\">Bildergalerie<\/a><\/p>\n<hr \/>\n<h3><strong>Benefizkonzert \u201e50 Jahre Lebenshilfe Herrenberg e.V.\u201c am 12. Februar 2017<\/strong><\/h3>\n<ul>\n<li>L. v. Beethoven: Ouvert\u00fcre zu Prometheus, op. 43<\/li>\n<li>W. A. Mozart: Divertimento Nr. 3, F- Dur, KV 138<\/li>\n<li>L. Delibes: Le roi s\u2019amuse, Airs de dance et chanson \u2013 dans le style ancien<\/li>\n<li>J. Haydn: Sinfonie Nr. 104, D-Dur<\/li>\n<\/ul>\n<p>G\u00e4ubote: \u201e<a href=\"http:\/\/www.gaeubote.de\/index.php?&amp;kat=16&amp;red=24&amp;artikel=111270854&amp;archiv=1\">Der musikalische Funke springt schnell und un\u00fcbersehbar \u00fcber<\/a>\u201c,<br \/>\u201e<a href=\"http:\/\/www.gaeubote.de\/index.php?&amp;kat=10&amp;red=24&amp;artikel=111322109&amp;archiv=1\">Das Orchester der Stadt spendet an die Lebenshilfe<\/a>\u201c<\/p>\n<hr \/>\n<h3><strong>Jubil\u00e4umskonzert am 11. Juni 2016<\/strong><\/h3>\n<ul>\n<li>J. Brahms: Akademische Festouvert\u00fcre op. 80<\/li>\n<li>F. Schubert: Ballettmusik aus \u201eRosamunde\u201c Nr. 2 und Nr. 9<\/li>\n<li>E. Grieg: Peer Gynt Suite Nr. 1, op. 46<\/li>\n<li>E. Elgar: Salut d\u2019Amour, op. 12<\/li>\n<li>J. Brahms: Ungarische T\u00e4nze Nr. 1,4,5<\/li>\n<\/ul>\n<p>G\u00e4ubote: \u201e<a href=\"http:\/\/www.gaeubote.de\/gb_16_111107644-24-_Viel-Applaus-und-Dank-zum-Abschluss-.html?GBID=40edac7fe6bd6972d7e5ed2f3d2d9f2d\" target=\"_blank\" rel=\"noopener noreferrer\">Viel Applaus und Dank zum Abschluss<\/a>\u201c<\/p>\n<hr \/>\n<h3><strong>Familienkonzert am 25. Oktober 2015<\/strong><\/h3>\n<ul>\n<li>W. A. Mozart: Ouver\u00fcre zu \u201eDer Schauspieldirektor\u201c<\/li>\n<li>G. Ph. Telemann: Konzert in B-Dur f\u00fcr 2 Blockfl\u00f6ten, Streicher und Basso Continuo<\/li>\n<li>J. Rutter: Suite Antique f\u00fcr Fl\u00f6te, Cembalo und Streicher<\/li>\n<li>C. D. von Dittersdorf: Klavierkonzert A-Dur<\/li>\n<li>W. A. Mozart: Ouvert\u00fcre zu \u201eCosi fan tutte\u201c<\/li>\n<li>C. M. von Weber: Concertino f\u00fcr Klarinette Es-dur op. 26<\/li>\n<li>Joh. Chr. Bach: Sinfonie B-Dur Op. 18 Nr. 2<\/li>\n<\/ul>\n<p>G\u00e4ubote: \u201e<a href=\"http:\/\/www.gaeubote.de\/index.php?&amp;kat=16&amp;red=24&amp;artikel=110986921&amp;archiv=1\" target=\"_blank\" rel=\"noopener noreferrer\">Junge Talente auf gro\u00dfer B\u00fchne<\/a>\u201c<\/p>\n<hr \/>\n<h3><strong>Neujahrskonzert am 8. Februar 2015<\/strong><\/h3>\n<ul>\n<li>Jacques Offenbach: Ouvert\u00fcre zu Orpheus in der Unterwelt, Barcarole, Can Can<\/li>\n<li>Johann Strauss, Sohn: Kaiserwalzer, An der sch\u00f6nen blauen Donau, Tritsch-Tratsch Polka<\/li>\n<li>Dimitri Schostakovitsch: Walzer aus der Jazz-Suite Nr. 2<\/li>\n<li>Johann Strauss, Sohn: Fledermaus \u201eMein Herr Marquis\u201c (Adele)<\/li>\n<li>Wolfgang Amadeus Mozart: Zauberfl\u00f6te \u201eEin M\u00e4dchen oder Weibchen\u201c<\/li>\n<li>Franz Leh\u00e1r: Das Land des L\u00e4chelns \u201eDein ist mein ganzes Herz\u201c<\/li>\n<li>Gioacchino Rossini: Buffo di due Gatti<\/li>\n<\/ul>\n<p>Solisten: Teru Yoshihara (Bariton), Ryoko Wakatsuki (Sopran)<\/p>\n<p>G\u00e4ubote: \u201e<a href=\"http:\/\/www.gaeubote.de\/index.php?&amp;kat=16&amp;red=24&amp;artikel=110841770&amp;archiv=1\" target=\"_blank\" rel=\"noopener noreferrer\">Beliebte Melodien zum neuen Jahr<\/a>\u201c<\/p>\n<hr \/>\n<h3><strong>Konzert im Rahmen der Sommerfarben am 9. Juli 2014<\/strong><\/h3>\n<ul>\n<li>Bizet \u2013 L\u2019Arl\u00e9sienne Suite Nr. 2<\/li>\n<li>Haydn \u2013 Konzert f\u00fcr Trompete und Orchester Es-Dur \u2013 Solist: M. Kraus<\/li>\n<li>Beethoven \u2013 Sinfonie Nr. 2 D-Dur, op. 36<\/li>\n<li>Elgar \u2013 Pomp and Circumstance, March No.1, op. 39<\/li>\n<\/ul>\n<p>G\u00e4ubote: \u201e<a href=\"http:\/\/www.gaeubote.de\/index.php?&amp;kat=16&amp;red=24&amp;artikel=110641658&amp;archiv=1\" target=\"_blank\" rel=\"noopener noreferrer\">Sommerabend statt Regengrau<\/a>\u201c<\/p>\n<hr \/>\n<h3><strong>Herbstkonzert am 9. November 2013 <\/strong><\/h3>\n<p>Gastdirigent: Mark Johnston<\/p>\n<ul>\n<li>Mozart \u2013 Serenade Nr. 10 in B-Dur KV361 \u201eGran Partita\u201c f\u00fcr Bl\u00e4ser und Kontrabass<\/li>\n<li>Britten \u2013 Simple Symphony<\/li>\n<li>Dvo\u0159\u00e1k \u2013 Tschechische Suite op. 39<\/li>\n<\/ul>\n<p>G\u00e4ubote: \u201e<a href=\"http:\/\/www.gaeubote.de\/gb_131_110453709-24-_Musiker-meistern-schwere-Herausforderung-.html?GBID=017a10af020147fa349b67bedac54fc2\" target=\"_blank\" rel=\"noopener noreferrer\">Musiker meistern schwere Herausforderung<\/a>\u201c<\/p>\n<hr \/>\n<h3><strong>Fr\u00fchjahrskonzert am 27. April 2013<\/strong><\/h3>\n<ul>\n<li>Ouvert\u00fcre zu \u201eNabucco\u201c (Verdi)<\/li>\n<li>Fagottkonzert (Rossini), Solist: Ulrich Hermann<\/li>\n<li>Fanfare for the common man (Copland)<\/li>\n<li>Sinfonie Nr. 40, g-moll (Mozart)<\/li>\n<\/ul>\n<p>G\u00e4ubote: \u201e<a href=\"http:\/\/www.gaeubote.de\/index.php?c=&amp;kat=16&amp;red=24&amp;archiv=1&amp;artikel=110305831&amp;x=725\" target=\"_blank\" rel=\"noopener noreferrer\">Spiel entfaltet sich grandios auf weichem Teppich<\/a>\u201c<\/p>\n<hr \/>\n<h3><strong>Herbstkonzert am 11. November 2012<\/strong><\/h3>\n<ul>\n<li>Klavierkonzert Nr. 1 C-Dur op. 15 (Beethoven), Solist: Harald Streicher<\/li>\n<li>Sinfonie Nr. 3 a-moll op. 56 \u201eSchottische\u201c (Mendelssohn)<\/li>\n<\/ul>\n<p>G\u00e4ubote: \u201e<a href=\"http:\/\/www.gaeubote.de\/index.php?&amp;kat=16&amp;red=24&amp;artikel=110176855&amp;archiv=1\" target=\"_blank\" rel=\"noopener noreferrer\">Gipfelst\u00fcrmer in sinfonischen H\u00f6hen<\/a>\u201c<\/p>\n<hr \/>\n<h3><strong>Neujahrskonzert am 29. Januar 2012<\/strong><\/h3>\n<ul>\n<li>Ouvert\u00fcre zur Oper \u201eDie Zauberfl\u00f6te\u201c (Mozart)<\/li>\n<li>Ouvert\u00fcre zur Operette \u201eDie sch\u00f6ne Helene\u201c (Offenbach)<\/li>\n<li>An der sch\u00f6nen blauen Donau (Johann Strau\u00df Sohn)<\/li>\n<li>Sinfonie Nr. 104 D-Dur (Haydn)<\/li>\n<li>Finlandia (Sibelius)<\/li>\n<\/ul>\n<p>G\u00e4ubote: \u201e<a href=\"http:\/\/www.gaeubote.de\/index.php?&amp;kat=16&amp;red=24&amp;artikel=109955666&amp;archiv=1\" target=\"_blank\" rel=\"noopener noreferrer\">Ein Abend der positiven \u00dcberraschungen<\/a>\u201c<\/p>\n<hr \/>\n<h3><strong>Konzert \u201eKlangfreuden\u201c am 21. Mai 2011<\/strong><\/h3>\n<ul>\n<li>Edvard Grieg, Peer Gynt Suite<\/li>\n<li>Franz Schubert, Sinfonie Nr. 5<\/li>\n<li>Edward Elgar, Pomp and Circumstance, Milit. March No. 1, op.9<\/li>\n<li>Leonard Bernstein, West Side Story<\/li>\n<li>Andrew Lloyd Webber, Phantom der Oper<\/li>\n<\/ul>\n<p>G\u00e4ubote:\u00a0\u201e<a href=\"http:\/\/www.gaeubote.de\/index.php?&amp;kat=16&amp;red=24&amp;artikel=109762953&amp;archiv=1\" target=\"_blank\" rel=\"noopener noreferrer\">Gro\u00dfer Zuwachs erfreut den Dirigenten<\/a>\u201c<\/p>\n<hr \/>\n<h3><strong>Konzert \u201eKlassik pur\u201c am 28. November 2010<\/strong><\/h3>\n<ul>\n<li>\u00a0Johannes Brahms, Akademische Festouvert\u00fcre op. 80<\/li>\n<li>\u00a0Mozart, Sinfonie Nr. 31 D-Dur, KV 297 (\u201ePariser\u201c)<\/li>\n<li>\u00a0Jan van der Roost (geb. 1956), Rikudim<\/li>\n<li>\u00a0Joseph Haydn, Sinfonie Nr. 100 G-Dur (Milit\u00e4r)<\/li>\n<li>\u00a0Georges Bizet, Orchestersuite \u201eCarmen in Concert\u201c (Bearbeitung Gerhard Buchner)<\/li>\n<\/ul>\n<p>G\u00e4ubote: \u201e<a href=\"http:\/\/www.gaeubote.de\/index.php?&amp;kat=16&amp;red=24&amp;artikel=109621037&amp;archiv=1\" target=\"_blank\" rel=\"noopener noreferrer\">Glanz und Leichtigkeit<\/a>\u201c<\/p>\n<h3>\u00a0<\/h3>","protected":false},"excerpt":{"rendered":"<p>Konzert am 9. November 2025 Konzert am 16. Februar 2025 Konzert am 23. Juni 2024 Konzert am 19. November 2023 Konzert am 12. Februar 2023 Konzert am 29. Mai 2022 Solistinnen: Stefanie Glaubitz, Bettina&#46;&#46;&#46;<\/p>\n","protected":false},"author":7,"featured_media":0,"parent":0,"menu_order":0,"comment_status":"closed","ping_status":"open","template":"","meta":{"footnotes":""},"class_list":["post-725","page","type-page","status-publish","hentry"],"_links":{"self":[{"href":"https:\/\/stadtorchester-herrenberg.de\/index.php?rest_route=\/wp\/v2\/pages\/725","targetHints":{"allow":["GET"]}}],"collection":[{"href":"https:\/\/stadtorchester-herrenberg.de\/index.php?rest_route=\/wp\/v2\/pages"}],"about":[{"href":"https:\/\/stadtorchester-herrenberg.de\/index.php?rest_route=\/wp\/v2\/types\/page"}],"author":[{"embeddable":true,"href":"https:\/\/stadtorchester-herrenberg.de\/index.php?rest_route=\/wp\/v2\/users\/7"}],"replies":[{"embeddable":true,"href":"https:\/\/stadtorchester-herrenberg.de\/index.php?rest_route=%2Fwp%2Fv2%2Fcomments&post=725"}],"version-history":[{"count":52,"href":"https:\/\/stadtorchester-herrenberg.de\/index.php?rest_route=\/wp\/v2\/pages\/725\/revisions"}],"predecessor-version":[{"id":1950,"href":"https:\/\/stadtorchester-herrenberg.de\/index.php?rest_route=\/wp\/v2\/pages\/725\/revisions\/1950"}],"wp:attachment":[{"href":"https:\/\/stadtorchester-herrenberg.de\/index.php?rest_route=%2Fwp%2Fv2%2Fmedia&parent=725"}],"curies":[{"name":"wp","href":"https:\/\/api.w.org\/{rel}","templated":true}]}}