{"id":2,"date":"2011-01-01T21:44:23","date_gmt":"2011-01-01T21:44:23","guid":{"rendered":"http:\/\/stadtorchester-herrenberg.de\/wp\/?page_id=2"},"modified":"2021-11-02T21:37:17","modified_gmt":"2021-11-02T20:37:17","slug":"eine-seite","status":"publish","type":"page","link":"https:\/\/stadtorchester-herrenberg.de\/?page_id=2","title":{"rendered":"Geschichte"},"content":{"rendered":"<p><!-- \t\t@page { margin: 2cm } \t\tP { margin-bottom: 0.21cm } --><\/p>\n<h3>Das Orchester der Stadt Herrenberg<\/h3>\n<p>Das \u201eStadtorchester\u201c wurde 1976 von dem Musikschulleiter Wolfgang Teubner gegr\u00fcndet, um den mehr klassisch orientierten Instrumentalisten im G\u00e4u die M\u00f6glichkeit zum gemeinsamen Musizieren zu geben. Zun\u00e4chst spielte man nur in kleiner Streicherbesetzung das g\u00e4ngige, \u00fcberwiegend barocke Programm. Durch die Erweiterung des Orchesters mit einer kontinuierlichen Bl\u00e4serbesetzung konnten dann auch sinfonische Werke gespielt werden. In j\u00e4hrlich mindestens zwei Konzerten pr\u00e4sentiert sich das Orchester der Stadt in der \u00d6ffentlichkeit. In der Geschichte des Orchesters gab es zahlreiche Sinfoniekonzerte, sehr regelm\u00e4\u00dfig waren Kinder- und Familienkonzerte dabei, und man nahm andere Aufgaben wahr wie die Umrahmung von Festakten oder die Mitwirkung bei verschiedenen Chorkonzerten. Seit Januar 2011 firmiert das Orchester der Stadt als Verein.<\/p>\n<h3>Die Dirigenten des Orchesters<\/h3>\n<p>1976-1997\u00a0 Wolfgang Teubner<br \/>\n1997-2001 Friedemann Gramm<br \/>\n2001-2009 Doris Froese<br \/>\n2009-2016 Matthias Beno<br \/>\nab 2016 Sabine Blasberg<\/p>\n","protected":false},"excerpt":{"rendered":"<p>Das Orchester der Stadt Herrenberg Das \u201eStadtorchester\u201c wurde 1976 von dem Musikschulleiter Wolfgang Teubner gegr\u00fcndet, um den mehr klassisch orientierten Instrumentalisten im G\u00e4u die M\u00f6glichkeit zum gemeinsamen Musizieren zu geben. Zun\u00e4chst spielte man nur&#46;&#46;&#46;<\/p>\n","protected":false},"author":1,"featured_media":0,"parent":0,"menu_order":10,"comment_status":"closed","ping_status":"closed","template":"","meta":{"footnotes":""},"class_list":["post-2","page","type-page","status-publish","hentry"],"_links":{"self":[{"href":"https:\/\/stadtorchester-herrenberg.de\/index.php?rest_route=\/wp\/v2\/pages\/2","targetHints":{"allow":["GET"]}}],"collection":[{"href":"https:\/\/stadtorchester-herrenberg.de\/index.php?rest_route=\/wp\/v2\/pages"}],"about":[{"href":"https:\/\/stadtorchester-herrenberg.de\/index.php?rest_route=\/wp\/v2\/types\/page"}],"author":[{"embeddable":true,"href":"https:\/\/stadtorchester-herrenberg.de\/index.php?rest_route=\/wp\/v2\/users\/1"}],"replies":[{"embeddable":true,"href":"https:\/\/stadtorchester-herrenberg.de\/index.php?rest_route=%2Fwp%2Fv2%2Fcomments&post=2"}],"version-history":[{"count":2,"href":"https:\/\/stadtorchester-herrenberg.de\/index.php?rest_route=\/wp\/v2\/pages\/2\/revisions"}],"predecessor-version":[{"id":1561,"href":"https:\/\/stadtorchester-herrenberg.de\/index.php?rest_route=\/wp\/v2\/pages\/2\/revisions\/1561"}],"wp:attachment":[{"href":"https:\/\/stadtorchester-herrenberg.de\/index.php?rest_route=%2Fwp%2Fv2%2Fmedia&parent=2"}],"curies":[{"name":"wp","href":"https:\/\/api.w.org\/{rel}","templated":true}]}}